{"id":50535,"date":"2023-02-16T09:16:43","date_gmt":"2023-02-16T09:16:43","guid":{"rendered":"https:\/\/marketzilla.agency\/politica-de-cookies\/"},"modified":"2024-01-17T11:41:15","modified_gmt":"2024-01-17T11:41:15","slug":"cookies-policy","status":"publish","type":"page","link":"https:\/\/marketzilla.agency\/en\/politica-de-cookies\/","title":{"rendered":"Cookie Policy"},"content":{"rendered":"<p>[et_pb_section fb_built=\u00bb1&#8243; admin_label=\u00bbsection\u00bb _builder_version=\u00bb4.16&#8243; global_colors_info=\u00bb{}\u00bb][et_pb_row admin_label=\u00bbrow\u00bb _builder_version=\u00bb4.16&#8243; background_size=\u00bbinitial\u00bb background_position=\u00bbtop_left\u00bb background_repeat=\u00bbrepeat\u00bb global_colors_info=\u00bb{}\u00bb][et_pb_column type=\u00bb4_4&#8243; _builder_version=\u00bb4.16&#8243; custom_padding=\u00bb|||\u00bb global_colors_info=\u00bb{}\u00bb custom_padding__hover=\u00bb|||\u00bb][et_pb_code _builder_version=\u00bb4.23.4&#8243; _module_preset=\u00bbdefault\u00bb global_colors_info=\u00bb{}\u00bb]<!-- [et_pb_line_break_holder] --><\/p>\n<h1 class=\"cookie-policy-h1\">Pol\u00edtica de cookies<\/h1>\n<p><!-- [et_pb_line_break_holder] --><pee><!-- [et_pb_line_break_holder] -->    Effective Date: 17-Jan-2024 <!\u2013- [et_pb_br_holder] -\u2013><!-- [et_pb_line_break_holder] -->    Last Updated: 17-Jan-2024<!-- [et_pb_line_break_holder] --><\/pee><!-- [et_pb_line_break_holder] --><!-- [et_pb_line_break_holder] -->\u00a0<!-- [et_pb_line_break_holder] --><\/p>\n<h5>\u00bfQu\u00e9 son las cookies?<\/h5>\n<p><!-- [et_pb_line_break_holder] --><\/p>\n<div class=\"cookie-policy-p\"><pee>Esta Pol\u00edtica de Cookies explica qu\u00e9 son las cookies y c\u00f3mo las utilizamos, los tipos de cookies que usamos, es decir, la informaci\u00f3n que recopilamos utilizando cookies y c\u00f3mo se utiliza esa informaci\u00f3n, y c\u00f3mo gestionar la configuraci\u00f3n de las cookies.<\/pee> <pee>Las cookies son peque\u00f1os archivos de texto que se utilizan para almacenar peque\u00f1as piezas de informaci\u00f3n. Se almacenan en tu dispositivo cuando el sitio web se carga en tu navegador. Estas cookies nos ayudan a hacer que el sitio web funcione correctamente, a hacerlo m\u00e1s seguro, proporcionar una mejor experiencia de usuario y entender c\u00f3mo se desempe\u00f1a el sitio web y analizar qu\u00e9 funciona y d\u00f3nde necesita mejora.<\/pee><\/div>\n<p><!-- [et_pb_line_break_holder] --><!-- [et_pb_line_break_holder] -->\u00a0<!-- [et_pb_line_break_holder] --><\/p>\n<h5>\u00bfC\u00f3mo utilizamos las cookies?<\/h5>\n<p><!-- [et_pb_line_break_holder] --><\/p>\n<div class=\"cookie-policy-p\"><pee>Como la mayor\u00eda de los servicios en l\u00ednea, nuestro sitio web utiliza cookies propias y de terceros para varios prop\u00f3sitos. Las cookies propias son principalmente necesarias para que el sitio web funcione de la manera correcta, y no recopilan ninguno de tus datos personales identificables.<\/pee> <pee>Las cookies de terceros utilizadas en nuestro sitio web son principalmente para entender c\u00f3mo se desempe\u00f1a el sitio web, c\u00f3mo interact\u00faas con nuestro sitio web, mantener nuestros servicios seguros, proporcionar anuncios que sean relevantes para ti y, en general, brindarte una experiencia de usuario mejorada y ayudar a acelerar tus futuras interacciones con nuestro sitio web.<\/pee><\/div>\n<p><!-- [et_pb_line_break_holder] --><!-- [et_pb_line_break_holder] -->\u00a0<!-- [et_pb_line_break_holder] -->    <\/p>\n<h5>Tipos de cookies que utilizamos<\/h5>\n<p><!-- [et_pb_line_break_holder] --><!-- [et_pb_line_break_holder] -->    <\/p>\n<div class=\"cky-audit-table-element\"><\/div>\n<p><!-- [et_pb_line_break_holder] --><!-- [et_pb_line_break_holder] -->\u00a0<!-- [et_pb_line_break_holder] -->    <\/p>\n<h5 style=\"margin-bottom:20px;\">Manage cookie preferences<\/h5>\n<p><!-- [et_pb_line_break_holder] --><!-- [et_pb_line_break_holder] -->    <a class=\"cky-banner-element\">Cookie Settings<\/a> <!\u2013- [et_pb_br_holder] -\u2013><!-- [et_pb_line_break_holder] --><!-- [et_pb_line_break_holder] -->    <\/p>\n<div><pee>Puedes cambiar tus preferencias de cookies en cualquier momento haciendo clic en el bot\u00f3n de arriba. Esto te permitir\u00e1 revisar la pancarta de consentimiento de cookies y cambiar tus preferencias o retirar tu consentimiento de inmediato.  <\/pee> <pee>Adem\u00e1s de esto, diferentes navegadores proporcionan diferentes m\u00e9todos para bloquear y eliminar las cookies utilizadas por los sitios web. Puedes cambiar la configuraci\u00f3n de tu navegador para bloquear\/eliminar las cookies. A continuaci\u00f3n, se muestran los enlaces a los documentos de soporte sobre c\u00f3mo gestionar y eliminar cookies de los principales navegadores web.<\/pee> <pee>Chrome: <a href=\"https:\/\/support.google.com\/accounts\/answer\/32050\" target=\"_blank\" rel=\"noopener\">https:\/\/support.google.com\/accounts\/answer\/32050<\/a><\/pee><pee>Safari: <a href=\"https:\/\/support.apple.com\/en-in\/guide\/safari\/sfri11471\/mac\" target=\"_blank\" rel=\"noopener\">https:\/\/support.apple.com\/en-in\/guide\/safari\/sfri11471\/mac<\/a><\/pee><pee>Firefox: <a href=\"https:\/\/support.mozilla.org\/en-US\/kb\/clear-cookies-and-site-data-firefox?redirectslug=delete-cookies-remove-info-websites-stored&#038;redirectlocale=en-US\" target=\"_blank\" rel=\"noopener\">https:\/\/support.mozilla.org\/en-US\/kb\/clear-cookies-and-site-data-firefox?redirectslug=delete-cookies-remove-info-websites-stored&#038;redirectlocale=en-US<\/a><\/pee><pee>Internet Explorer: <a href=\"https:\/\/support.microsoft.com\/en-us\/topic\/how-to-delete-cookie-files-in-internet-explorer-bca9446f-d873-78de-77ba-d42645fa52fc\" target=\"_blank\" rel=\"noopener\">https:\/\/support.microsoft.com\/en-us\/topic\/how-to-delete-cookie-files-in-internet-explorer-bca9446f-d873-78de-77ba-d42645fa52fc<\/a><\/pee><pee>Si est\u00e1s utilizando cualquier otro navegador web, visita los documentos de soporte oficiales de tu navegador.<\/pee><\/div>\n<p><!-- [et_pb_line_break_holder] --><!-- [et_pb_line_break_holder] --><!-- [et_pb_line_break_holder] -->\u00a0<!-- [et_pb_line_break_holder] --><pee class=\"cookie-policy-p\"><!-- [et_pb_line_break_holder] -->    Pol\u00edtica de cookies generada por <a target=\"_blank\" href=\"https:\/\/www.cookieyes.com\/?utm_source=CP&#038;utm_medium=footer&#038;utm_campaign=UW\" rel=\"noopener\">CookieYes &#8211; Cookie Policy Generator<\/a>.<!-- [et_pb_line_break_holder] --><\/pee>[\/et_pb_code][\/et_pb_column][\/et_pb_row][\/et_pb_section]<\/p>\n<style class=\"advgb-styles-renderer\"><!-- [et_pb_line_break_holder] -->    a.cky-banner-element {<!-- [et_pb_line_break_holder] -->        padding: 8px 30px;<!-- [et_pb_line_break_holder] -->        background: #F8F9FA;<!-- [et_pb_line_break_holder] -->        color: #858A8F;<!-- [et_pb_line_break_holder] -->        border: 1px solid #DEE2E6;<!-- [et_pb_line_break_holder] -->        box-sizing: border-box;<!-- [et_pb_line_break_holder] -->        border-radius: 2px;<!-- [et_pb_line_break_holder] -->        cursor: pointer;<!-- [et_pb_line_break_holder] -->}<!-- [et_pb_line_break_holder] --><\/style>\n","protected":false},"excerpt":{"rendered":"","protected":false},"author":3,"featured_media":0,"parent":0,"menu_order":0,"comment_status":"closed","ping_status":"closed","template":"","meta":{"_et_pb_use_builder":"on","_et_pb_old_content":"","_et_gb_content_width":"","advgb_blocks_editor_width":"","advgb_blocks_columns_visual_guide":"","footnotes":""},"class_list":["post-50535","page","type-page","status-publish","hentry"],"yoast_head":"<!-- This site is optimized with the Yoast SEO plugin v27.4 - https:\/\/yoast.com\/product\/yoast-seo-wordpress\/ -->\n<title>Pol\u00edtica de cookies | Marketzilla Agencia SEO<\/title>\n<meta name=\"description\" content=\"Descubra como usamos las cookies, los tipos empleados, la informaci\u00f3n recopilada, su uso y c\u00f3mo gestionar sus preferencias.\" \/>\n<meta name=\"robots\" content=\"noindex, nofollow\" \/>\n<meta property=\"og:locale\" content=\"en_GB\" \/>\n<meta property=\"og:type\" content=\"article\" \/>\n<meta property=\"og:title\" content=\"Pol\u00edtica de cookies | Marketzilla Agencia SEO\" \/>\n<meta property=\"og:description\" content=\"Descubra como usamos las cookies, los tipos empleados, la informaci\u00f3n recopilada, su uso y c\u00f3mo gestionar sus preferencias.\" \/>\n<meta property=\"og:url\" content=\"https:\/\/marketzilla.agency\/en\/cookies-policy\/\" \/>\n<meta property=\"og:site_name\" content=\"Marketzilla Agencia SEO\" \/>\n<meta property=\"article:publisher\" content=\"https:\/\/www.facebook.com\/marketzillaagency\" \/>\n<meta property=\"article:modified_time\" content=\"2024-01-17T11:41:15+00:00\" \/>\n<meta property=\"og:image\" content=\"https:\/\/marketzilla.agency\/wp-content\/uploads\/2022\/11\/LOGO-BLANCO-HORIZONTAL-V.1-8.png\" \/>\n\t<meta property=\"og:image:width\" content=\"440\" \/>\n\t<meta property=\"og:image:height\" content=\"118\" \/>\n\t<meta property=\"og:image:type\" content=\"image\/png\" \/>\n<meta name=\"twitter:card\" content=\"summary_large_image\" \/>\n<meta name=\"twitter:site\" content=\"@marketzillaAg\" \/>\n<meta name=\"twitter:label1\" content=\"Estimated reading time\" \/>\n\t<meta name=\"twitter:data1\" content=\"2 minutes\" \/>\n<script type=\"application\/ld+json\" class=\"yoast-schema-graph\">{\"@context\":\"https:\\\/\\\/schema.org\",\"@graph\":[{\"@type\":\"WebPage\",\"@id\":\"https:\\\/\\\/marketzilla.agency\\\/politica-de-cookies\\\/\",\"url\":\"https:\\\/\\\/marketzilla.agency\\\/politica-de-cookies\\\/\",\"name\":\"Pol\u00edtica de cookies | Marketzilla Agencia SEO\",\"isPartOf\":{\"@id\":\"https:\\\/\\\/marketzilla.agency\\\/#website\"},\"datePublished\":\"2023-02-16T09:16:43+00:00\",\"dateModified\":\"2024-01-17T11:41:15+00:00\",\"description\":\"Descubra como usamos las cookies, los tipos empleados, la informaci\u00f3n recopilada, su uso y c\u00f3mo gestionar sus preferencias.\",\"breadcrumb\":{\"@id\":\"https:\\\/\\\/marketzilla.agency\\\/politica-de-cookies\\\/#breadcrumb\"},\"inLanguage\":\"en-GB\",\"potentialAction\":[{\"@type\":\"ReadAction\",\"target\":[\"https:\\\/\\\/marketzilla.agency\\\/politica-de-cookies\\\/\"]}]},{\"@type\":\"BreadcrumbList\",\"@id\":\"https:\\\/\\\/marketzilla.agency\\\/politica-de-cookies\\\/#breadcrumb\",\"itemListElement\":[{\"@type\":\"ListItem\",\"position\":1,\"name\":\"Inicio\",\"item\":\"https:\\\/\\\/marketzilla.agency\\\/\"},{\"@type\":\"ListItem\",\"position\":2,\"name\":\"Pol\u00edtica de Cookies\"}]},{\"@type\":\"WebSite\",\"@id\":\"https:\\\/\\\/marketzilla.agency\\\/#website\",\"url\":\"https:\\\/\\\/marketzilla.agency\\\/\",\"name\":\"Marketzilla Agencia SEO\",\"description\":\"Agencia de posicionamiento SEO\",\"publisher\":{\"@id\":\"https:\\\/\\\/marketzilla.agency\\\/#organization\"},\"alternateName\":\"Marketzilla\",\"potentialAction\":[{\"@type\":\"SearchAction\",\"target\":{\"@type\":\"EntryPoint\",\"urlTemplate\":\"https:\\\/\\\/marketzilla.agency\\\/?s={search_term_string}\"},\"query-input\":{\"@type\":\"PropertyValueSpecification\",\"valueRequired\":true,\"valueName\":\"search_term_string\"}}],\"inLanguage\":\"en-GB\"},{\"@type\":\"Organization\",\"@id\":\"https:\\\/\\\/marketzilla.agency\\\/#organization\",\"name\":\"MARKETZILLA AGENCIA SEO\",\"alternateName\":\"MARKETZILLA AGENCIA SEO\",\"url\":\"https:\\\/\\\/marketzilla.agency\\\/\",\"logo\":{\"@type\":\"ImageObject\",\"inLanguage\":\"en-GB\",\"@id\":\"https:\\\/\\\/marketzilla.agency\\\/#\\\/schema\\\/logo\\\/image\\\/\",\"url\":\"https:\\\/\\\/marketzilla.agency\\\/wp-content\\\/uploads\\\/2022\\\/11\\\/LOGO-BLANCO-HORIZONTAL-V.1-8-1.png\",\"contentUrl\":\"https:\\\/\\\/marketzilla.agency\\\/wp-content\\\/uploads\\\/2022\\\/11\\\/LOGO-BLANCO-HORIZONTAL-V.1-8-1.png\",\"width\":440,\"height\":118,\"caption\":\"MARKETZILLA AGENCIA SEO\"},\"image\":{\"@id\":\"https:\\\/\\\/marketzilla.agency\\\/#\\\/schema\\\/logo\\\/image\\\/\"},\"sameAs\":[\"https:\\\/\\\/www.facebook.com\\\/marketzillaagency\",\"https:\\\/\\\/x.com\\\/marketzillaAg\",\"https:\\\/\\\/www.instagram.com\\\/marketzillaagencytf\\\/\",\"https:\\\/\\\/www.linkedin.com\\\/company\\\/marketzilla-agencia-seo-tenerife\\\/\",\"https:\\\/\\\/g.page\\\/marketzilla-agencia-seo?share\",\"https:\\\/\\\/www.youtube.com\\\/channel\\\/UC-qo6fKFJdAxnT7ayv1F1iQ\\\/featured\"]}]}<\/script>\n<!-- \/ Yoast SEO plugin. -->","yoast_head_json":{"title":"Cookies policy | Marketzilla SEO Agency","description":"Find out how we use cookies, the types of cookies we use, the information we collect, how we use them and how to manage your preferences.","robots":{"index":"noindex","follow":"nofollow"},"og_locale":"en_GB","og_type":"article","og_title":"Pol\u00edtica de cookies | Marketzilla Agencia SEO","og_description":"Descubra como usamos las cookies, los tipos empleados, la informaci\u00f3n recopilada, su uso y c\u00f3mo gestionar sus preferencias.","og_url":"https:\/\/marketzilla.agency\/en\/cookies-policy\/","og_site_name":"Marketzilla Agencia SEO","article_publisher":"https:\/\/www.facebook.com\/marketzillaagency","article_modified_time":"2024-01-17T11:41:15+00:00","og_image":[{"width":440,"height":118,"url":"https:\/\/marketzilla.agency\/wp-content\/uploads\/2022\/11\/LOGO-BLANCO-HORIZONTAL-V.1-8.png","type":"image\/png"}],"twitter_card":"summary_large_image","twitter_site":"@marketzillaAg","twitter_misc":{"Estimated reading time":"2 minutes"},"schema":{"@context":"https:\/\/schema.org","@graph":[{"@type":"WebPage","@id":"https:\/\/marketzilla.agency\/politica-de-cookies\/","url":"https:\/\/marketzilla.agency\/politica-de-cookies\/","name":"Cookies policy | Marketzilla SEO Agency","isPartOf":{"@id":"https:\/\/marketzilla.agency\/#website"},"datePublished":"2023-02-16T09:16:43+00:00","dateModified":"2024-01-17T11:41:15+00:00","description":"Find out how we use cookies, the types of cookies we use, the information we collect, how we use them and how to manage your preferences.","breadcrumb":{"@id":"https:\/\/marketzilla.agency\/politica-de-cookies\/#breadcrumb"},"inLanguage":"en-GB","potentialAction":[{"@type":"ReadAction","target":["https:\/\/marketzilla.agency\/politica-de-cookies\/"]}]},{"@type":"BreadcrumbList","@id":"https:\/\/marketzilla.agency\/politica-de-cookies\/#breadcrumb","itemListElement":[{"@type":"ListItem","position":1,"name":"Inicio","item":"https:\/\/marketzilla.agency\/"},{"@type":"ListItem","position":2,"name":"Pol\u00edtica de Cookies"}]},{"@type":"WebSite","@id":"https:\/\/marketzilla.agency\/#website","url":"https:\/\/marketzilla.agency\/","name":"Marketzilla SEO Agency","description":"SEO positioning agency","publisher":{"@id":"https:\/\/marketzilla.agency\/#organization"},"alternateName":"Marketzilla","potentialAction":[{"@type":"SearchAction","target":{"@type":"EntryPoint","urlTemplate":"https:\/\/marketzilla.agency\/?s={search_term_string}"},"query-input":{"@type":"PropertyValueSpecification","valueRequired":true,"valueName":"search_term_string"}}],"inLanguage":"en-GB"},{"@type":"Organization","@id":"https:\/\/marketzilla.agency\/#organization","name":"MARKETZILLA SEO AGENCY","alternateName":"MARKETZILLA AGENCIA SEO","url":"https:\/\/marketzilla.agency\/","logo":{"@type":"ImageObject","inLanguage":"en-GB","@id":"https:\/\/marketzilla.agency\/#\/schema\/logo\/image\/","url":"https:\/\/marketzilla.agency\/wp-content\/uploads\/2022\/11\/LOGO-BLANCO-HORIZONTAL-V.1-8-1.png","contentUrl":"https:\/\/marketzilla.agency\/wp-content\/uploads\/2022\/11\/LOGO-BLANCO-HORIZONTAL-V.1-8-1.png","width":440,"height":118,"caption":"MARKETZILLA AGENCIA SEO"},"image":{"@id":"https:\/\/marketzilla.agency\/#\/schema\/logo\/image\/"},"sameAs":["https:\/\/www.facebook.com\/marketzillaagency","https:\/\/x.com\/marketzillaAg","https:\/\/www.instagram.com\/marketzillaagencytf\/","https:\/\/www.linkedin.com\/company\/marketzilla-agencia-seo-tenerife\/","https:\/\/g.page\/marketzilla-agencia-seo?share","https:\/\/www.youtube.com\/channel\/UC-qo6fKFJdAxnT7ayv1F1iQ\/featured"]}]}},"coauthors":[],"author_meta":{"author_link":"https:\/\/marketzilla.agency\/en\/author\/juan-carlos\/","display_name":"JUAN CARLOS"},"relative_dates":{"created":"Posted 3 years ago","modified":"Updated 2 years ago"},"absolute_dates":{"created":"Posted on February 16, 2023","modified":"Updated on January 17, 2024"},"absolute_dates_time":{"created":"Posted on February 16, 2023 9:16 am","modified":"Updated on January 17, 2024 11:41 am"},"featured_img_caption":"","featured_img":false,"series_order":"","_links":{"self":[{"href":"https:\/\/marketzilla.agency\/en\/wp-json\/wp\/v2\/pages\/50535","targetHints":{"allow":["GET"]}}],"collection":[{"href":"https:\/\/marketzilla.agency\/en\/wp-json\/wp\/v2\/pages"}],"about":[{"href":"https:\/\/marketzilla.agency\/en\/wp-json\/wp\/v2\/types\/page"}],"author":[{"embeddable":true,"href":"https:\/\/marketzilla.agency\/en\/wp-json\/wp\/v2\/users\/3"}],"replies":[{"embeddable":true,"href":"https:\/\/marketzilla.agency\/en\/wp-json\/wp\/v2\/comments?post=50535"}],"version-history":[{"count":0,"href":"https:\/\/marketzilla.agency\/en\/wp-json\/wp\/v2\/pages\/50535\/revisions"}],"wp:attachment":[{"href":"https:\/\/marketzilla.agency\/en\/wp-json\/wp\/v2\/media?parent=50535"}],"curies":[{"name":"wp","href":"https:\/\/api.w.org\/{rel}","templated":true}]}}